{"id":153,"date":"2017-02-21T12:49:19","date_gmt":"2017-02-21T11:49:19","guid":{"rendered":"http:\/\/sogeva.com.tn\/?page_id=153"},"modified":"2025-02-14T15:24:19","modified_gmt":"2025-02-14T14:24:19","slug":"accueil","status":"publish","type":"page","link":"https:\/\/sogeva.com.tn\/","title":{"rendered":"ACCUEIL"},"content":{"rendered":"\n<div class=\"wp-block-cover alignfull is-light has-parallax\" style=\"min-height:100vh\"><span aria-hidden=\"true\" class=\"wp-block-cover__background has-background-dim-40 has-background-dim\" style=\"background-color:#000000\"><\/span><div role=\"img\" class=\"wp-block-cover__image-background wp-image-1897 has-parallax\" style=\"background-position:50% 50%;background-image:url(https:\/\/sogeva.com.tn\/wp-content\/uploads\/2025\/01\/12.png)\"><\/div><div class=\"wp-block-cover__inner-container is-layout-flow wp-block-cover-is-layout-flow\">\n<h2 class=\"wp-block-heading alignwide has-white-color has-text-color\" style=\"font-size:48px;line-height:1.2\"><\/h2>\n\n\n\n<div class=\"wp-block-columns alignwide is-layout-flex wp-container-core-columns-layout-1 wp-block-columns-is-layout-flex\">\n<div class=\"wp-block-column is-layout-flow wp-block-column-is-layout-flow\" style=\"flex-basis:60%\">\n<p class=\"has-text-color\" style=\"color:#ffffff\">SOGEVA est une entreprise familiale, compos\u00e9e de collaborateurs qualifi\u00e9s, dynamiques et motiv\u00e9s.<\/p>\n\n\n\n<div class=\"wp-block-buttons is-layout-flex wp-block-buttons-is-layout-flex\">\n<div class=\"wp-block-button is-style-outline\"><a class=\"wp-block-button__link has-text-color has-background wp-element-button\" style=\"color:#ffffff;background-color:#000000\">SOGEVA SARL<\/a><\/div>\n<\/div>\n<\/div>\n\n\n\n<div class=\"wp-block-column is-layout-flow wp-block-column-is-layout-flow\"><\/div>\n<\/div>\n<\/div><\/div>\n\n\n\n<figure class=\"wp-block-pullquote has-medium-font-size\"><blockquote><p>N\u00e9e d\u2019un choix de vie, de la volont\u00e9 de faire \u00e9voluer les choses et d\u2019assurer \u00e0 tout un chacun la possibilit\u00e9 de travailler dans un environnement s\u00e9curis\u00e9. <br><br>Fond\u00e9e en 2015, avec une activit\u00e9 initiale de vente des E.P.I (\u00e9quipements de protection individuelle)<br>Pour r\u00e9pondre aux attentes et besoins de nos clients et compl\u00e9ter notre offre , nous sommes amen\u00e9s \u00e0 \u00e9teindre notre portefeuille d&#8217;activit\u00e9s et entrer dans de nouveaux march\u00e9s.<\/p><cite><em><strong>Nous favorisons activement le d\u00e9veloppement de notre savoir-faire<\/strong><\/em><\/cite><\/blockquote><\/figure>\n\n\n\n<div class=\"wp-block-cover alignfull is-light\"><span aria-hidden=\"true\" class=\"wp-block-cover__background has-background-dim-100 has-background-dim\" style=\"background-color:#ffffff\"><\/span><div class=\"wp-block-cover__inner-container is-layout-flow wp-block-cover-is-layout-flow\">\n<div class=\"wp-block-media-text alignwide is-stacked-on-mobile is-vertically-aligned-center is-image-fill\" style=\"grid-template-columns:56% auto\"><figure class=\"wp-block-media-text__media\" style=\"background-image:url(https:\/\/sogeva.com.tn\/wp-content\/uploads\/2025\/01\/WhatsApp-Image-2025-01-08-a-13.35.48_bf0f933b-4-644x339.jpg);background-position:50% 50%\"><img loading=\"lazy\" decoding=\"async\" width=\"644\" height=\"339\" src=\"https:\/\/sogeva.com.tn\/wp-content\/uploads\/2025\/01\/WhatsApp-Image-2025-01-08-a-13.35.48_bf0f933b-4-644x339.jpg\" alt=\"\" class=\"wp-image-1903 size-full\" srcset=\"https:\/\/sogeva.com.tn\/wp-content\/uploads\/2025\/01\/WhatsApp-Image-2025-01-08-a-13.35.48_bf0f933b-4-644x339.jpg 644w, https:\/\/sogeva.com.tn\/wp-content\/uploads\/2025\/01\/WhatsApp-Image-2025-01-08-a-13.35.48_bf0f933b-4-300x158.jpg 300w, https:\/\/sogeva.com.tn\/wp-content\/uploads\/2025\/01\/WhatsApp-Image-2025-01-08-a-13.35.48_bf0f933b-4-768x404.jpg 768w, https:\/\/sogeva.com.tn\/wp-content\/uploads\/2025\/01\/WhatsApp-Image-2025-01-08-a-13.35.48_bf0f933b-4.jpg 1280w\" sizes=\"(max-width: 644px) 100vw, 644px\" \/><\/figure><div class=\"wp-block-media-text__content\">\n<h2 class=\"wp-block-heading has-text-color\" style=\"color:#000000;font-size:32px\">Polyvalence<\/h2>\n\n\n\n<p class=\"has-text-color\" style=\"color:#000000;font-size:17px\">Notre structure d\u2019entreprise \u00e0 taille humaine assure notre r\u00e9activit\u00e9 et flexibilit\u00e9 et nous permet de p\u00e9renniser un v\u00e9ritable partenariat avec nos clients.<\/p>\n\n\n\n<p class=\"has-text-color\" style=\"color:#000000;font-size:17px\">Fiabilit\u00e9, orientation des performances et esprit d\u2019\u00e9quipe sont caract\u00e9ristiques de notre style de travail.<\/p>\n\n\n\n<div class=\"wp-block-buttons is-layout-flex wp-block-buttons-is-layout-flex\">\n<div class=\"wp-block-button is-style-fill\"><a class=\"wp-block-button__link wp-element-button\">R\u00e9activit\u00e9<\/a><\/div>\n<\/div>\n<\/div><\/div>\n<\/div><\/div>\n\n\n\n<div class=\"wp-block-group alignfull has-background is-layout-flow wp-block-group-is-layout-flow\" style=\"background-color:#f2f0e9\"><div class=\"wp-block-group__inner-container\">\n<div style=\"height:70px\" aria-hidden=\"true\" class=\"wp-block-spacer\"><\/div>\n\n\n\n<div class=\"wp-block-columns alignwide are-vertically-aligned-center is-layout-flex wp-container-core-columns-layout-2 wp-block-columns-is-layout-flex\">\n<div class=\"wp-block-column is-layout-flow wp-block-column-is-layout-flow\" style=\"flex-basis:50%\">\n<p class=\"has-text-color\" style=\"color:#000000;font-size:30px;line-height:1.1\">Cat\u00e9gories<\/p>\n<\/div>\n\n\n\n<div class=\"wp-block-column is-layout-flow wp-block-column-is-layout-flow\" style=\"flex-basis:50%\">\n<hr class=\"wp-block-separator has-text-color has-css-opacity has-background is-style-wide\" style=\"background-color:#000000;color:#000000\"\/>\n<\/div>\n<\/div>\n\n\n\n<div class=\"wp-block-columns alignwide is-layout-flex wp-container-core-columns-layout-3 wp-block-columns-is-layout-flex\">\n<div class=\"wp-block-column is-layout-flow wp-block-column-is-layout-flow\">\n<figure class=\"wp-block-gallery has-nested-images columns-default is-cropped wp-block-gallery-1 is-layout-flex wp-block-gallery-is-layout-flex\">\n<figure class=\"wp-block-image size-large\"><img loading=\"lazy\" decoding=\"async\" width=\"644\" height=\"428\" src=\"https:\/\/sogeva.com.tn\/wp-content\/uploads\/2025\/01\/WhatsApp-Image-2025-01-08-a-13.35.48_4d62b7bb-644x428.jpg\" alt=\"\" class=\"wp-image-1880\" srcset=\"https:\/\/sogeva.com.tn\/wp-content\/uploads\/2025\/01\/WhatsApp-Image-2025-01-08-a-13.35.48_4d62b7bb-644x428.jpg 644w, https:\/\/sogeva.com.tn\/wp-content\/uploads\/2025\/01\/WhatsApp-Image-2025-01-08-a-13.35.48_4d62b7bb-300x199.jpg 300w, https:\/\/sogeva.com.tn\/wp-content\/uploads\/2025\/01\/WhatsApp-Image-2025-01-08-a-13.35.48_4d62b7bb-768x511.jpg 768w, https:\/\/sogeva.com.tn\/wp-content\/uploads\/2025\/01\/WhatsApp-Image-2025-01-08-a-13.35.48_4d62b7bb.jpg 1280w\" sizes=\"(max-width: 644px) 100vw, 644px\" \/><\/figure>\n<\/figure>\n\n\n\n<div class=\"wp-block-cover alignfull wp-duotone-rgb4448102-ffb23d-2\" style=\"margin-top:0;padding-top:4vw;padding-right:4vw;padding-bottom:4vw;padding-left:4vw;min-height:50vh\"><span aria-hidden=\"true\" class=\"wp-block-cover__background has-background-dim-90 has-background-dim\" style=\"background-color:#2c3066\"><\/span><img decoding=\"async\" class=\"wp-block-cover__image-background wp-image-334\" alt=\"\" src=\"https:\/\/pd.w.org\/2022\/01\/2661f82cd1ba9172.16386413.jpg\" data-object-fit=\"cover\"\/><div class=\"wp-block-cover__inner-container is-layout-flow wp-block-cover-is-layout-flow\">\n<div class=\"wp-block-group is-layout-flow wp-block-group-is-layout-flow\"><div class=\"wp-block-group__inner-container\">\n<p>Notre \u00e9quipe est&nbsp;disponible pour vous conseiller et&nbsp;pr\u00e9coniser des solutions en tenant compte de l\u2019audit, la l\u00e9gislation, les&nbsp;normes en vigueur ainsi que de vos objectifs<\/p>\n\n\n\n<div style=\"height:48px\" aria-hidden=\"true\" class=\"wp-block-spacer\"><\/div>\n\n\n\n<div class=\"wp-block-buttons is-content-justification-center is-layout-flex wp-container-core-buttons-layout-3 wp-block-buttons-is-layout-flex\">\n<div class=\"wp-block-button has-custom-font-size\" style=\"font-size:20px;font-style:normal;font-weight:700;letter-spacing:1px;text-transform:uppercase\"><a class=\"wp-block-button__link has-text-color has-background wp-element-button\" href=\"https:\/\/sogeva.com.tn\/?page_id=114\" style=\"color:#2c3066;background-color:#ffb23d;padding-top:32px;padding-right:48px;padding-bottom:32px;padding-left:48px\">Contact us<\/a><\/div>\n<\/div>\n<\/div><\/div>\n<\/div><\/div>\n<\/div>\n\n\n\n<div class=\"wp-block-column has-small-font-size is-layout-flow wp-block-column-is-layout-flow\">\n<h2 class=\"wp-block-heading\">Equipements de Protection individuelle<\/h2>\n\n\n\n<ul class=\"has-small-font-size\">\n<li>V\u00eatements de travail &#8211; Uniformes<\/li>\n<\/ul>\n\n\n\n<ul class=\"has-small-font-size\">\n<li>V\u00eatements de protection jetables &amp; r\u00e9utilisable<\/li>\n<\/ul>\n\n\n\n<ul class=\"has-small-font-size\">\n<li>Gants de travail<\/li>\n<\/ul>\n\n\n\n<ul class=\"has-small-font-size\">\n<li>Casques de chantier &#8211; Casquette anti heurt &#8211; Casques anti bruits<\/li>\n<\/ul>\n\n\n\n<ul class=\"has-small-font-size\">\n<li>Protection auditives<\/li>\n<\/ul>\n\n\n\n<ul class=\"has-small-font-size\">\n<li>Lunettes de protection<\/li>\n<\/ul>\n\n\n\n<ul class=\"has-small-font-size\">\n<li>Protection respiratoires<\/li>\n<\/ul>\n\n\n\n<ul class=\"has-small-font-size\">\n<li>Equipements anti chute<\/li>\n<\/ul>\n\n\n\n<ul class=\"has-small-font-size\">\n<li class=\"has-small-font-size\">Chaussures , sabots &amp; bottes de s\u00e9curit\u00e9<\/li>\n<\/ul>\n<\/div>\n\n\n\n<div class=\"wp-block-column has-small-font-size is-layout-flow wp-block-column-is-layout-flow\">\n<h2 class=\"wp-block-heading\"><strong>Sant\u00e9-Hygi\u00e8ne<\/strong><\/h2>\n\n\n\n<p>Produits de nettoyage et d\u00e9tergents<\/p>\n\n\n\n<p>Produits d&#8217;hygi\u00e8ne corporelle<\/p>\n\n\n\n<p>Produits de d\u00e9sinfection<\/p>\n\n\n\n<div style=\"height:100px\" aria-hidden=\"true\" class=\"wp-block-spacer\"><\/div>\n\n\n\n<h2 class=\"wp-block-heading\"><strong>Bagagerie<\/strong><\/h2>\n\n\n\n<p>First Aid Kit<\/p>\n\n\n\n<p>T\u00f4tes bags<\/p>\n\n\n\n<p>Sacs en polyester &#8211; TNT<\/p>\n\n\n\n<p>Bagages de voyage<\/p>\n\n\n\n<p>Trousses de toilette<\/p>\n<\/div>\n<\/div>\n\n\n\n<div style=\"height:40px\" aria-hidden=\"true\" class=\"wp-block-spacer\"><\/div>\n<\/div><\/div>\n\n\n\n<div class=\"wp-block-group alignfull has-text-color has-background is-layout-flow wp-block-group-is-layout-flow\" style=\"color:#000000;background-color:#ffffff\"><div class=\"wp-block-group__inner-container\">\n<div style=\"height:100px\" aria-hidden=\"true\" class=\"wp-block-spacer\"><\/div>\n\n\n\n<h2 class=\"wp-block-heading has-text-align-center\" id=\"schedule-a-visit\" style=\"font-size:59px;line-height:1.15\"><strong>Pr\u00e9voir une visite<\/strong><\/h2>\n\n\n\n<div class=\"wp-block-buttons is-horizontal is-content-justification-center is-layout-flex wp-container-core-buttons-layout-4 wp-block-buttons-is-layout-flex\">\n<div class=\"wp-block-button has-custom-width wp-block-button__width-50\"><a class=\"wp-block-button__link has-text-color has-background wp-element-button\" style=\"border-radius:50px;color:#ffffff;background-color:#000000\">Si\u00e8ge Ben Arous : 79 410 242<\/a><\/div>\n\n\n\n<div class=\"wp-block-button has-custom-width wp-block-button__width-50\"><a class=\"wp-block-button__link has-text-color has-background wp-element-button\" style=\"border-radius:50px;color:#ffffff;background-color:#000000\">Showroom Rades : 71 441 617<\/a><\/div>\n<\/div>\n\n\n\n<div class=\"wp-block-columns is-layout-flex wp-container-core-columns-layout-4 wp-block-columns-is-layout-flex\">\n<div class=\"wp-block-column is-layout-flow wp-block-column-is-layout-flow\" style=\"flex-basis:100%\">\n<hr class=\"wp-block-separator has-css-opacity\"\/>\n<\/div>\n<\/div>\n<\/div><\/div>\n\n\n\n<div class=\"wp-block-columns alignfull has-text-color has-background is-layout-flex wp-container-core-columns-layout-5 wp-block-columns-is-layout-flex\" style=\"color:#000000;background-color:#ffffff\">\n<div class=\"wp-block-column is-layout-flow wp-block-column-is-layout-flow\">\n<h3 class=\"wp-block-heading\" style=\"font-size:24px;line-height:1.3\">Livraison<\/h3>\n\n\n\n<p>Rapide &amp; Gratuite!<\/p>\n\n\n\n<p><strong>Sur toute la Tunisie<\/strong><\/p>\n<\/div>\n\n\n\n<div class=\"wp-block-column is-layout-flow wp-block-column-is-layout-flow\">\n<h3 class=\"wp-block-heading\" style=\"font-size:24px;line-height:1.3\">Echange<\/h3>\n\n\n\n<p>Satisfait ou \u00e9chang\u00e9!<\/p>\n<\/div>\n\n\n\n<div class=\"wp-block-column is-layout-flow wp-block-column-is-layout-flow\">\n<h3 class=\"wp-block-heading\" style=\"font-size:24px;line-height:1.3\">Service apr\u00e8s vente<\/h3>\n\n\n\n<p>Efficacit\u00e9 &amp; professionnalisme<\/p>\n<\/div>\n<\/div>\n\n\n\n<figure class=\"wp-block-embed is-type-wp-embed is-provider-sogeva-tunisie wp-block-embed-sogeva-tunisie\"><div class=\"wp-block-embed__wrapper\">\n<blockquote class=\"wp-embedded-content\" data-secret=\"7izpy4JHvU\"><a href=\"https:\/\/sogeva.com.tn\/?p=1596\">SOGEVA sponsorise<\/a><\/blockquote><iframe class=\"wp-embedded-content\" sandbox=\"allow-scripts\" security=\"restricted\" style=\"position: absolute; clip: rect(1px, 1px, 1px, 1px);\" title=\"\u00ab\u00a0SOGEVA sponsorise\u00a0\u00bb &#8212; SOGEVA TUNISIE\" src=\"https:\/\/sogeva.com.tn\/?p=1596&#038;embed=true#?secret=9ppvKPbe2B#?secret=7izpy4JHvU\" data-secret=\"7izpy4JHvU\" width=\"600\" height=\"338\" frameborder=\"0\" marginwidth=\"0\" marginheight=\"0\" scrolling=\"no\"><\/iframe>\n<\/div><\/figure>\n","protected":false},"excerpt":{"rendered":"<p>N\u00e9e d\u2019un choix de vie, de la volont\u00e9 de faire \u00e9voluer les choses et d\u2019assurer \u00e0 tout un chacun la possibilit\u00e9 de travailler dans un environnement s\u00e9curis\u00e9. Fond\u00e9e en 2015, avec une activit\u00e9 initiale de vente des E.P.I (\u00e9quipements de protection individuelle)Pour r\u00e9pondre aux attentes et besoins de nos clients et compl\u00e9ter notre offre , [&hellip;]<\/p>\n","protected":false},"author":1,"featured_media":1397,"parent":0,"menu_order":2,"comment_status":"closed","ping_status":"closed","template":"","meta":{"footnotes":""},"_links":{"self":[{"href":"https:\/\/sogeva.com.tn\/index.php?rest_route=\/wp\/v2\/pages\/153"}],"collection":[{"href":"https:\/\/sogeva.com.tn\/index.php?rest_route=\/wp\/v2\/pages"}],"about":[{"href":"https:\/\/sogeva.com.tn\/index.php?rest_route=\/wp\/v2\/types\/page"}],"author":[{"embeddable":true,"href":"https:\/\/sogeva.com.tn\/index.php?rest_route=\/wp\/v2\/users\/1"}],"replies":[{"embeddable":true,"href":"https:\/\/sogeva.com.tn\/index.php?rest_route=%2Fwp%2Fv2%2Fcomments&post=153"}],"version-history":[{"count":85,"href":"https:\/\/sogeva.com.tn\/index.php?rest_route=\/wp\/v2\/pages\/153\/revisions"}],"predecessor-version":[{"id":2314,"href":"https:\/\/sogeva.com.tn\/index.php?rest_route=\/wp\/v2\/pages\/153\/revisions\/2314"}],"wp:featuredmedia":[{"embeddable":true,"href":"https:\/\/sogeva.com.tn\/index.php?rest_route=\/wp\/v2\/media\/1397"}],"wp:attachment":[{"href":"https:\/\/sogeva.com.tn\/index.php?rest_route=%2Fwp%2Fv2%2Fmedia&parent=153"}],"curies":[{"name":"wp","href":"https:\/\/api.w.org\/{rel}","templated":true}]}}