{"id":1911,"date":"2025-01-10T12:09:28","date_gmt":"2025-01-10T11:09:28","guid":{"rendered":"https:\/\/sogeva.com.tn\/?page_id=1911"},"modified":"2025-01-15T11:01:39","modified_gmt":"2025-01-15T10:01:39","slug":"bagaerie","status":"publish","type":"page","link":"https:\/\/sogeva.com.tn\/?page_id=1911","title":{"rendered":"BAGAGERIE \u00e0 Usage Professionnel"},"content":{"rendered":"\n<p class=\"has-medium-font-size\">SOGEVA offre une s\u00e9lection de bagages pour usage professionnel combinant qualit\u00e9 et durabilit\u00e9, avec un design soign\u00e9.<\/p>\n\n\n\n<ul>\n<li>Trousses en TNT 70-80gr<\/li>\n\n\n\n<li>Sac grand format avec brettelles et fermeture.<\/li>\n\n\n\n<li>Tote bag en lin<\/li>\n\n\n\n<li>Valise<\/li>\n\n\n\n<li>Sac de v\u00eatements de voyage<\/li>\n\n\n\n<li>Sac \u00e0 dos basique<\/li>\n\n\n\n<li>Trousse de 1er secours<\/li>\n<\/ul>\n\n\n\n<p><\/p>\n\n\n\n<div style=\"height:100px\" aria-hidden=\"true\" class=\"wp-block-spacer\"><\/div>\n\n\n\n<div class=\"wp-block-columns alignfull has-medium-font-size is-layout-flex wp-container-core-columns-layout-1 wp-block-columns-is-layout-flex\">\n<div class=\"wp-block-column is-layout-flow wp-block-column-is-layout-flow\" style=\"flex-basis:45%\">\n<figure class=\"wp-block-image size-medium\"><img loading=\"lazy\" decoding=\"async\" width=\"300\" height=\"300\" src=\"https:\/\/sogeva.com.tn\/wp-content\/uploads\/2025\/01\/17102_02-300x300.png\" alt=\"\" class=\"wp-image-1917\" srcset=\"https:\/\/sogeva.com.tn\/wp-content\/uploads\/2025\/01\/17102_02-300x300.png 300w, https:\/\/sogeva.com.tn\/wp-content\/uploads\/2025\/01\/17102_02-644x644.png 644w, https:\/\/sogeva.com.tn\/wp-content\/uploads\/2025\/01\/17102_02-150x150.png 150w, https:\/\/sogeva.com.tn\/wp-content\/uploads\/2025\/01\/17102_02-768x768.png 768w, https:\/\/sogeva.com.tn\/wp-content\/uploads\/2025\/01\/17102_02.png 1000w\" sizes=\"(max-width: 300px) 100vw, 300px\" \/><figcaption class=\"wp-element-caption\"><strong>Trousse en TNT (ou polyester) <\/strong>.<br>La trousse est munie d&#8217;une fermeture \u00e0 glissi\u00e8re , d&#8217;un soufflet de 02 cot\u00e9s et une longuettes en biais<\/figcaption><\/figure>\n<\/div>\n\n\n\n<div class=\"wp-block-column is-layout-flow wp-block-column-is-layout-flow\" style=\"flex-basis:25%\">\n<figure class=\"wp-block-gallery has-nested-images columns-default is-cropped wp-block-gallery-1 is-layout-flex wp-block-gallery-is-layout-flex\">\n<figure class=\"wp-block-image size-medium\"><img loading=\"lazy\" decoding=\"async\" width=\"300\" height=\"300\" src=\"https:\/\/sogeva.com.tn\/wp-content\/uploads\/2025\/01\/Untitled-design-19-5-300x300.jpg\" alt=\"\" class=\"wp-image-1916\" srcset=\"https:\/\/sogeva.com.tn\/wp-content\/uploads\/2025\/01\/Untitled-design-19-5-300x300.jpg 300w, https:\/\/sogeva.com.tn\/wp-content\/uploads\/2025\/01\/Untitled-design-19-5-644x644.jpg 644w, https:\/\/sogeva.com.tn\/wp-content\/uploads\/2025\/01\/Untitled-design-19-5-150x150.jpg 150w, https:\/\/sogeva.com.tn\/wp-content\/uploads\/2025\/01\/Untitled-design-19-5-768x768.jpg 768w, https:\/\/sogeva.com.tn\/wp-content\/uploads\/2025\/01\/Untitled-design-19-5.jpg 1080w\" sizes=\"(max-width: 300px) 100vw, 300px\" \/><\/figure>\n<\/figure>\n\n\n\n<p><strong>Sac grand format avec brettelles et fermeture<\/strong>.<\/p>\n\n\n\n<p>Les sacs en TNT sont \u00e9cologique (lavables et r\u00e9utilisables)<br>Ils sont rigides et r\u00e9sistants \u00e0 l\u2019abrasion ce qui en font des sacs id\u00e9aux pour une utilisation quotidienne<br><\/p>\n<\/div>\n\n\n\n<div class=\"wp-block-column is-layout-flow wp-block-column-is-layout-flow\" style=\"flex-basis:25%\">\n<figure class=\"wp-block-image size-medium\"><img loading=\"lazy\" decoding=\"async\" width=\"274\" height=\"300\" src=\"https:\/\/sogeva.com.tn\/wp-content\/uploads\/2025\/01\/1-274x300.png\" alt=\"\" class=\"wp-image-1919\" srcset=\"https:\/\/sogeva.com.tn\/wp-content\/uploads\/2025\/01\/1-274x300.png 274w, https:\/\/sogeva.com.tn\/wp-content\/uploads\/2025\/01\/1.png 416w\" sizes=\"(max-width: 274px) 100vw, 274px\" \/><figcaption class=\"wp-element-caption\"><strong>Sac en tissu biod\u00e9gradable ou Tote bag en lin <\/strong>avec fermeture zipp\u00e9e zip et ances.<\/figcaption><\/figure>\n<\/div>\n<\/div>\n\n\n\n<div class=\"wp-block-columns alignwide is-layout-flex wp-container-core-columns-layout-2 wp-block-columns-is-layout-flex\">\n<div class=\"wp-block-column is-layout-flow wp-block-column-is-layout-flow\" style=\"flex-basis:25%\">\n<figure class=\"wp-block-image size-full\"><img loading=\"lazy\" decoding=\"async\" width=\"350\" height=\"424\" src=\"https:\/\/sogeva.com.tn\/wp-content\/uploads\/2025\/01\/Petite-valise-1.jpg\" alt=\"\" class=\"wp-image-1944\" srcset=\"https:\/\/sogeva.com.tn\/wp-content\/uploads\/2025\/01\/Petite-valise-1.jpg 350w, https:\/\/sogeva.com.tn\/wp-content\/uploads\/2025\/01\/Petite-valise-1-248x300.jpg 248w\" sizes=\"(max-width: 350px) 100vw, 350px\" \/><figcaption class=\"wp-element-caption\"><strong>Petite valise<\/strong><\/figcaption><\/figure>\n\n\n\n<figure class=\"wp-block-image size-full is-style-default\"><img loading=\"lazy\" decoding=\"async\" width=\"225\" height=\"225\" src=\"https:\/\/sogeva.com.tn\/wp-content\/uploads\/2025\/01\/images-1.jpeg\" alt=\"\" class=\"wp-image-1939\" srcset=\"https:\/\/sogeva.com.tn\/wp-content\/uploads\/2025\/01\/images-1.jpeg 225w, https:\/\/sogeva.com.tn\/wp-content\/uploads\/2025\/01\/images-1-150x150.jpeg 150w\" sizes=\"(max-width: 225px) 100vw, 225px\" \/><figcaption class=\"wp-element-caption\"><strong>Sac \u00e0 dos<\/strong> basique<\/figcaption><\/figure>\n<\/div>\n\n\n\n<div class=\"wp-block-column is-layout-flow wp-block-column-is-layout-flow\" style=\"flex-basis:25%\">\n<figure class=\"wp-block-image size-large\"><img loading=\"lazy\" decoding=\"async\" width=\"644\" height=\"467\" src=\"https:\/\/sogeva.com.tn\/wp-content\/uploads\/2025\/01\/2-1-644x467.jpg\" alt=\"\" class=\"wp-image-1945\" srcset=\"https:\/\/sogeva.com.tn\/wp-content\/uploads\/2025\/01\/2-1-644x467.jpg 644w, https:\/\/sogeva.com.tn\/wp-content\/uploads\/2025\/01\/2-1-300x217.jpg 300w, https:\/\/sogeva.com.tn\/wp-content\/uploads\/2025\/01\/2-1-768x556.jpg 768w, https:\/\/sogeva.com.tn\/wp-content\/uploads\/2025\/01\/2-1.jpg 777w\" sizes=\"(max-width: 644px) 100vw, 644px\" \/><figcaption class=\"wp-element-caption\"><strong>Sac de v\u00eatements de voyage<\/strong> , munie de multiples compartiments.<\/figcaption><\/figure>\n<\/div>\n\n\n\n<div class=\"wp-block-column is-layout-flow wp-block-column-is-layout-flow\" style=\"flex-basis:45%\">\n<figure class=\"wp-block-image size-large is-style-default\"><img loading=\"lazy\" decoding=\"async\" width=\"644\" height=\"333\" src=\"https:\/\/sogeva.com.tn\/wp-content\/uploads\/2025\/01\/Capture-2-644x333.jpg\" alt=\"\" class=\"wp-image-1943\" srcset=\"https:\/\/sogeva.com.tn\/wp-content\/uploads\/2025\/01\/Capture-2-644x333.jpg 644w, https:\/\/sogeva.com.tn\/wp-content\/uploads\/2025\/01\/Capture-2-300x155.jpg 300w, https:\/\/sogeva.com.tn\/wp-content\/uploads\/2025\/01\/Capture-2-768x397.jpg 768w, https:\/\/sogeva.com.tn\/wp-content\/uploads\/2025\/01\/Capture-2.jpg 1221w\" sizes=\"(max-width: 644px) 100vw, 644px\" \/><figcaption class=\"wp-element-caption\"><strong>Trousse de 1er secours<\/strong> avec poignet ,  munie de multiples compartiments refermables<\/figcaption><\/figure>\n<\/div>\n<\/div>\n\n\n\n<div class=\"wp-block-cover alignfull wp-duotone-rgb4448102-ffb23d-2\" style=\"margin-top:0;padding-top:4vw;padding-right:4vw;padding-bottom:4vw;padding-left:4vw;min-height:50vh\"><span aria-hidden=\"true\" class=\"wp-block-cover__background has-background-dim-90 has-background-dim\" style=\"background-color:#2c3066\"><\/span><img decoding=\"async\" class=\"wp-block-cover__image-background wp-image-334\" alt=\"\" src=\"https:\/\/pd.w.org\/2022\/01\/2661f82cd1ba9172.16386413.jpg\" data-object-fit=\"cover\"\/><div class=\"wp-block-cover__inner-container is-layout-flow wp-block-cover-is-layout-flow\">\n<div class=\"wp-block-group is-layout-flow wp-block-group-is-layout-flow\"><div class=\"wp-block-group__inner-container\">\n<p class=\"has-text-align-center has-text-color\" style=\"color:#ffb23d;font-size:54px;font-style:normal;font-weight:700;letter-spacing:-2px;line-height:0.9;text-transform:none\"><strong>Les couleurs sont au choix avec la possibilit\u00e9 de marquage\/impression.<\/strong><\/p>\n\n\n\n<div style=\"height:48px\" aria-hidden=\"true\" class=\"wp-block-spacer\"><\/div>\n\n\n\n<div class=\"wp-block-buttons is-content-justification-center is-layout-flex wp-container-core-buttons-layout-1 wp-block-buttons-is-layout-flex\">\n<div class=\"wp-block-button has-custom-font-size\" style=\"font-size:20px;font-style:normal;font-weight:700;letter-spacing:1px;text-transform:uppercase\"><a class=\"wp-block-button__link has-text-color has-background wp-element-button\" href=\"https:\/\/sogeva.com.tn\/?page_id=114\" style=\"color:#2c3066;background-color:#ffb23d;padding-top:32px;padding-right:48px;padding-bottom:32px;padding-left:48px\">CONTACT<\/a><\/div>\n<\/div>\n<\/div><\/div>\n<\/div><\/div>\n","protected":false},"excerpt":{"rendered":"<p>SOGEVA offre une s\u00e9lection de bagages pour usage professionnel combinant qualit\u00e9 et durabilit\u00e9, avec un design soign\u00e9. Sac grand format avec brettelles et fermeture. Les sacs en TNT sont \u00e9cologique (lavables et r\u00e9utilisables)Ils sont rigides et r\u00e9sistants \u00e0 l\u2019abrasion ce qui en font des sacs id\u00e9aux pour une utilisation quotidienne<\/p>\n","protected":false},"author":1,"featured_media":0,"parent":0,"menu_order":0,"comment_status":"closed","ping_status":"closed","template":"","meta":{"footnotes":""},"_links":{"self":[{"href":"https:\/\/sogeva.com.tn\/index.php?rest_route=\/wp\/v2\/pages\/1911"}],"collection":[{"href":"https:\/\/sogeva.com.tn\/index.php?rest_route=\/wp\/v2\/pages"}],"about":[{"href":"https:\/\/sogeva.com.tn\/index.php?rest_route=\/wp\/v2\/types\/page"}],"author":[{"embeddable":true,"href":"https:\/\/sogeva.com.tn\/index.php?rest_route=\/wp\/v2\/users\/1"}],"replies":[{"embeddable":true,"href":"https:\/\/sogeva.com.tn\/index.php?rest_route=%2Fwp%2Fv2%2Fcomments&post=1911"}],"version-history":[{"count":24,"href":"https:\/\/sogeva.com.tn\/index.php?rest_route=\/wp\/v2\/pages\/1911\/revisions"}],"predecessor-version":[{"id":2308,"href":"https:\/\/sogeva.com.tn\/index.php?rest_route=\/wp\/v2\/pages\/1911\/revisions\/2308"}],"wp:attachment":[{"href":"https:\/\/sogeva.com.tn\/index.php?rest_route=%2Fwp%2Fv2%2Fmedia&parent=1911"}],"curies":[{"name":"wp","href":"https:\/\/api.w.org\/{rel}","templated":true}]}}